{"id":34,"date":"2026-01-21T14:58:06","date_gmt":"2026-01-21T13:58:06","guid":{"rendered":"http:\/\/bcom.allysson.formation-drome.com\/?page_id=34"},"modified":"2026-04-01T15:48:16","modified_gmt":"2026-04-01T13:48:16","slug":"agence-de-voyage-visite-touristique-canada-toutes-saisons","status":"publish","type":"page","link":"https:\/\/bcom.allysson.formation-drome.com\/index.php\/agence-de-voyage-visite-touristique-canada-toutes-saisons\/","title":{"rendered":"Le Canada"},"content":{"rendered":"\n<style type=\"text\/css\" data-created_by=\"avia_inline_auto\" id=\"style-css-av-mko1hidt-1a6352253a7b34798a90c2280a9324da\">\n#top .av-special-heading.av-mko1hidt-1a6352253a7b34798a90c2280a9324da{\npadding-bottom:10px;\n}\nbody .av-special-heading.av-mko1hidt-1a6352253a7b34798a90c2280a9324da .av-special-heading-tag .heading-char{\nfont-size:25px;\n}\n.av-special-heading.av-mko1hidt-1a6352253a7b34798a90c2280a9324da .av-subheading{\nfont-size:15px;\n}\n<\/style>\n<div  class='av-special-heading av-mko1hidt-1a6352253a7b34798a90c2280a9324da av-special-heading-h1 blockquote classic-quote  avia-builder-el-0  el_before_av_hr  avia-builder-el-first '><h1 class='av-special-heading-tag'  itemprop=\"headline\"  >Visite du Canada<\/h1><div class='av-subheading av-subheading_below'><p>En toute saison<\/p>\n<\/div><div class=\"special-heading-border\"><div class=\"special-heading-inner-border\"><\/div><\/div><\/div>\n\n<style type=\"text\/css\" data-created_by=\"avia_inline_auto\" id=\"style-css-av-mko2i8ys-272b4865df1ba1b198f5cc1c29a39212\">\n#top .hr.av-mko2i8ys-272b4865df1ba1b198f5cc1c29a39212{\nmargin-top:30px;\nmargin-bottom:30px;\n}\n.hr.av-mko2i8ys-272b4865df1ba1b198f5cc1c29a39212 .hr-inner{\nwidth:50px;\nmax-width:45%;\n}\n<\/style>\n<div  class='hr av-mko2i8ys-272b4865df1ba1b198f5cc1c29a39212 hr-custom  avia-builder-el-1  el_after_av_heading  el_before_av_one_full  hr-center hr-icon-yes'><span class='hr-inner inner-border-av-border-thin'><span class=\"hr-inner-style\"><\/span><\/span><span class='av-seperator-icon' aria-hidden='true' data-av_icon='\ue837' data-av_iconfont='entypo-fontello'><\/span><span class='hr-inner inner-border-av-border-thin'><span class=\"hr-inner-style\"><\/span><\/span><\/div>\n<div  class='flex_column av-1ms8a-4414dd8b30704f4d21723f07c580a5b7 av_one_full  avia-builder-el-2  el_after_av_hr  el_before_av_textblock  first flex_column_div  '     ><section  class='av_textblock_section av-mko1vb0y-914844e72e3cbe2fe1e030a710a6786d '   itemscope=\"itemscope\" itemtype=\"https:\/\/schema.org\/CreativeWork\" ><div class='avia_textblock'  itemprop=\"text\" ><h2>Le Canada au fil des saisons<\/h2>\n<p>Visiter le Canada en toute saison. Immense, sauvage et accueillant, ce pays offre des exp\u00e9riences uniques tout au long de l\u2019ann\u00e9e, entre grands\u00a0 espaces, villes vibrantes et nature pr\u00e9serv\u00e9e.<\/p>\n<p>Au printemps, le Canada s\u2019\u00e9veille doucement. Les paysages verdoyants renaissent, les parcs nationaux se parent de nouvelles couleurs et la faune reprend vie. C\u2019est la saison id\u00e9ale pour explorer les villes et profiter des premi\u00e8res randonn\u00e9es afin de d\u00e9couvrir les traditions locales, comme le temps des sucres au Qu\u00e9bec.<\/p>\n<p>L\u2019\u00e9t\u00e9 r\u00e9v\u00e8le toute la grandeur du pays. Les longues journ\u00e9es ensoleill\u00e9es sont parfaites pour les road trips, les circuits sur mesure, les randonn\u00e9es en montagne ou les croisi\u00e8res d\u2019observation des baleines. Des Rocheuses \u00e0 la Colombie-Britannique, en passant par les lacs et for\u00eats du Qu\u00e9bec. Le Canada devient un terrain de jeu exceptionnel pour les amoureux de nature et d\u2019aventure.<\/p>\n<p>\u00c0 l\u2019automne, le pays se transforme en un spectacle grandiose. Les for\u00eats s\u2019embrasent de couleurs rouges, orang\u00e9es et dor\u00e9es qui offrent des paysages parmi les plus beaux au monde. Cette saison est id\u00e9ale pour les voyages paisibles, la photographie, la d\u00e9couverte des parcs nationaux et des r\u00e9gions viticoles.<\/p>\n<p>L\u2019hiver, enfin, d\u00e9voile le Canada sous son visage le plus magique avec ses for\u00eats enneig\u00e9es, lacs gel\u00e9s et ses aurores bor\u00e9ales qui composent un d\u00e9cor f\u00e9\u00e9rique. Chiens de tra\u00eeneau, motoneige, raquettes, ski ou s\u00e9jours en chalet permettent de vivre une v\u00e9ritable immersion nordique, au c\u0153ur d\u2019un hiver authentique et chaleureux.<\/p>\n<\/div><\/section><\/div>\n<section  class='av_textblock_section av-wzam-a38dd971e3c8cc8448511ac88bc59a03 '   itemscope=\"itemscope\" itemtype=\"https:\/\/schema.org\/CreativeWork\" ><div class='avia_textblock'  itemprop=\"text\" ><p>Cliquer ici pour ajouter votre propre texte<\/p>\n<\/div><\/section>\n\n<style type=\"text\/css\" data-created_by=\"avia_inline_auto\" id=\"style-css-av-mng3g9bj-b23ea5979e51b2080bf0513ef4ffc27c\">\n.avia-image-container.av-mng3g9bj-b23ea5979e51b2080bf0513ef4ffc27c img.avia_image{\nbox-shadow:none;\n}\n.avia-image-container.av-mng3g9bj-b23ea5979e51b2080bf0513ef4ffc27c .av-image-caption-overlay-center{\ncolor:#ffffff;\n}\n<\/style>\n<div  class='avia-image-container av-mng3g9bj-b23ea5979e51b2080bf0513ef4ffc27c av-styling- avia-align-center  avia-builder-el-5  el_after_av_textblock  avia-builder-el-last '   itemprop=\"image\" itemscope=\"itemscope\" itemtype=\"https:\/\/schema.org\/ImageObject\" ><div class=\"avia-image-container-inner\"><div class=\"avia-image-overlay-wrap\"><img decoding=\"async\" class='wp-image-418 avia-img-lazy-loading-not-418 avia_image ' src=\"https:\/\/bcom.allysson.formation-drome.com\/wp-content\/uploads\/2026\/03\/Canada-montagne.webp\" alt='' title='Canada montagne'  height=\"538\" width=\"800\"  itemprop=\"thumbnailUrl\" srcset=\"https:\/\/bcom.allysson.formation-drome.com\/wp-content\/uploads\/2026\/03\/Canada-montagne.webp 800w, https:\/\/bcom.allysson.formation-drome.com\/wp-content\/uploads\/2026\/03\/Canada-montagne-300x202.webp 300w, https:\/\/bcom.allysson.formation-drome.com\/wp-content\/uploads\/2026\/03\/Canada-montagne-768x516.webp 768w, https:\/\/bcom.allysson.formation-drome.com\/wp-content\/uploads\/2026\/03\/Canada-montagne-705x474.webp 705w\" sizes=\"(max-width: 800px) 100vw, 800px\" \/><\/div><\/div><\/div>\n","protected":false},"excerpt":{"rendered":"","protected":false},"author":1,"featured_media":0,"parent":0,"menu_order":0,"comment_status":"closed","ping_status":"closed","template":"","meta":{"footnotes":""},"class_list":["post-34","page","type-page","status-publish","hentry"],"yoast_head":"<!-- This site is optimized with the Yoast SEO plugin v27.2 - https:\/\/yoast.com\/product\/yoast-seo-wordpress\/ -->\n<title>Le Canada - Agence touristique Aurora<\/title>\n<meta name=\"description\" content=\"Visiter le Canada en toute saison. Immense, sauvage et accueillant, ce pays offre des exp\u00e9riences uniques tout au long de l\u2019ann\u00e9e.\" \/>\n<meta name=\"robots\" content=\"noindex, follow, max-snippet:-1, max-image-preview:large, max-video-preview:-1\" \/>\n<meta property=\"og:locale\" content=\"fr_FR\" \/>\n<meta property=\"og:type\" content=\"article\" \/>\n<meta property=\"og:title\" content=\"Le Canada - Agence touristique Aurora\" \/>\n<meta property=\"og:description\" content=\"Visiter le Canada en toute saison. Immense, sauvage et accueillant, ce pays offre des exp\u00e9riences uniques tout au long de l\u2019ann\u00e9e.\" \/>\n<meta property=\"og:url\" content=\"https:\/\/bcom.allysson.formation-drome.com\/index.php\/agence-de-voyage-visite-touristique-canada-toutes-saisons\/\" \/>\n<meta property=\"og:site_name\" content=\"Agence touristique Aurora\" \/>\n<meta property=\"article:modified_time\" content=\"2026-04-01T13:48:16+00:00\" \/>\n<meta name=\"twitter:card\" content=\"summary_large_image\" \/>\n<meta name=\"twitter:label1\" content=\"Dur\u00e9e de lecture estim\u00e9e\" \/>\n\t<meta name=\"twitter:data1\" content=\"2 minutes\" \/>\n<script type=\"application\/ld+json\" class=\"yoast-schema-graph\">{\"@context\":\"https:\/\/schema.org\",\"@graph\":[{\"@type\":\"WebPage\",\"@id\":\"https:\/\/bcom.allysson.formation-drome.com\/index.php\/agence-de-voyage-visite-touristique-canada-toutes-saisons\/\",\"url\":\"https:\/\/bcom.allysson.formation-drome.com\/index.php\/agence-de-voyage-visite-touristique-canada-toutes-saisons\/\",\"name\":\"Le Canada - Agence touristique Aurora\",\"isPartOf\":{\"@id\":\"https:\/\/bcom.allysson.formation-drome.com\/#website\"},\"datePublished\":\"2026-01-21T13:58:06+00:00\",\"dateModified\":\"2026-04-01T13:48:16+00:00\",\"description\":\"Visiter le Canada en toute saison. Immense, sauvage et accueillant, ce pays offre des exp\u00e9riences uniques tout au long de l\u2019ann\u00e9e.\",\"breadcrumb\":{\"@id\":\"https:\/\/bcom.allysson.formation-drome.com\/index.php\/agence-de-voyage-visite-touristique-canada-toutes-saisons\/#breadcrumb\"},\"inLanguage\":\"fr-FR\",\"potentialAction\":[{\"@type\":\"ReadAction\",\"target\":[\"https:\/\/bcom.allysson.formation-drome.com\/index.php\/agence-de-voyage-visite-touristique-canada-toutes-saisons\/\"]}]},{\"@type\":\"BreadcrumbList\",\"@id\":\"https:\/\/bcom.allysson.formation-drome.com\/index.php\/agence-de-voyage-visite-touristique-canada-toutes-saisons\/#breadcrumb\",\"itemListElement\":[{\"@type\":\"ListItem\",\"position\":1,\"name\":\"Accueil\",\"item\":\"https:\/\/bcom.allysson.formation-drome.com\/\"},{\"@type\":\"ListItem\",\"position\":2,\"name\":\"Le Canada\"}]},{\"@type\":\"WebSite\",\"@id\":\"https:\/\/bcom.allysson.formation-drome.com\/#website\",\"url\":\"https:\/\/bcom.allysson.formation-drome.com\/\",\"name\":\"Agence touristique Aurora\",\"description\":\"Le Canada en toutes saisons\",\"potentialAction\":[{\"@type\":\"SearchAction\",\"target\":{\"@type\":\"EntryPoint\",\"urlTemplate\":\"https:\/\/bcom.allysson.formation-drome.com\/?s={search_term_string}\"},\"query-input\":{\"@type\":\"PropertyValueSpecification\",\"valueRequired\":true,\"valueName\":\"search_term_string\"}}],\"inLanguage\":\"fr-FR\"}]}<\/script>\n<!-- \/ Yoast SEO plugin. -->","yoast_head_json":{"title":"Le Canada - Agence touristique Aurora","description":"Visiter le Canada en toute saison. Immense, sauvage et accueillant, ce pays offre des exp\u00e9riences uniques tout au long de l\u2019ann\u00e9e.","robots":{"index":"noindex","follow":"follow","max-snippet":"max-snippet:-1","max-image-preview":"max-image-preview:large","max-video-preview":"max-video-preview:-1"},"og_locale":"fr_FR","og_type":"article","og_title":"Le Canada - Agence touristique Aurora","og_description":"Visiter le Canada en toute saison. Immense, sauvage et accueillant, ce pays offre des exp\u00e9riences uniques tout au long de l\u2019ann\u00e9e.","og_url":"https:\/\/bcom.allysson.formation-drome.com\/index.php\/agence-de-voyage-visite-touristique-canada-toutes-saisons\/","og_site_name":"Agence touristique Aurora","article_modified_time":"2026-04-01T13:48:16+00:00","twitter_card":"summary_large_image","twitter_misc":{"Dur\u00e9e de lecture estim\u00e9e":"2 minutes"},"schema":{"@context":"https:\/\/schema.org","@graph":[{"@type":"WebPage","@id":"https:\/\/bcom.allysson.formation-drome.com\/index.php\/agence-de-voyage-visite-touristique-canada-toutes-saisons\/","url":"https:\/\/bcom.allysson.formation-drome.com\/index.php\/agence-de-voyage-visite-touristique-canada-toutes-saisons\/","name":"Le Canada - Agence touristique Aurora","isPartOf":{"@id":"https:\/\/bcom.allysson.formation-drome.com\/#website"},"datePublished":"2026-01-21T13:58:06+00:00","dateModified":"2026-04-01T13:48:16+00:00","description":"Visiter le Canada en toute saison. Immense, sauvage et accueillant, ce pays offre des exp\u00e9riences uniques tout au long de l\u2019ann\u00e9e.","breadcrumb":{"@id":"https:\/\/bcom.allysson.formation-drome.com\/index.php\/agence-de-voyage-visite-touristique-canada-toutes-saisons\/#breadcrumb"},"inLanguage":"fr-FR","potentialAction":[{"@type":"ReadAction","target":["https:\/\/bcom.allysson.formation-drome.com\/index.php\/agence-de-voyage-visite-touristique-canada-toutes-saisons\/"]}]},{"@type":"BreadcrumbList","@id":"https:\/\/bcom.allysson.formation-drome.com\/index.php\/agence-de-voyage-visite-touristique-canada-toutes-saisons\/#breadcrumb","itemListElement":[{"@type":"ListItem","position":1,"name":"Accueil","item":"https:\/\/bcom.allysson.formation-drome.com\/"},{"@type":"ListItem","position":2,"name":"Le Canada"}]},{"@type":"WebSite","@id":"https:\/\/bcom.allysson.formation-drome.com\/#website","url":"https:\/\/bcom.allysson.formation-drome.com\/","name":"Agence touristique Aurora","description":"Le Canada en toutes saisons","potentialAction":[{"@type":"SearchAction","target":{"@type":"EntryPoint","urlTemplate":"https:\/\/bcom.allysson.formation-drome.com\/?s={search_term_string}"},"query-input":{"@type":"PropertyValueSpecification","valueRequired":true,"valueName":"search_term_string"}}],"inLanguage":"fr-FR"}]}},"_links":{"self":[{"href":"https:\/\/bcom.allysson.formation-drome.com\/index.php\/wp-json\/wp\/v2\/pages\/34","targetHints":{"allow":["GET"]}}],"collection":[{"href":"https:\/\/bcom.allysson.formation-drome.com\/index.php\/wp-json\/wp\/v2\/pages"}],"about":[{"href":"https:\/\/bcom.allysson.formation-drome.com\/index.php\/wp-json\/wp\/v2\/types\/page"}],"author":[{"embeddable":true,"href":"https:\/\/bcom.allysson.formation-drome.com\/index.php\/wp-json\/wp\/v2\/users\/1"}],"replies":[{"embeddable":true,"href":"https:\/\/bcom.allysson.formation-drome.com\/index.php\/wp-json\/wp\/v2\/comments?post=34"}],"version-history":[{"count":10,"href":"https:\/\/bcom.allysson.formation-drome.com\/index.php\/wp-json\/wp\/v2\/pages\/34\/revisions"}],"predecessor-version":[{"id":485,"href":"https:\/\/bcom.allysson.formation-drome.com\/index.php\/wp-json\/wp\/v2\/pages\/34\/revisions\/485"}],"wp:attachment":[{"href":"https:\/\/bcom.allysson.formation-drome.com\/index.php\/wp-json\/wp\/v2\/media?parent=34"}],"curies":[{"name":"wp","href":"https:\/\/api.w.org\/{rel}","templated":true}]}}