{"id":444,"date":"2026-04-01T13:42:02","date_gmt":"2026-04-01T11:42:02","guid":{"rendered":"https:\/\/bcom.allysson.formation-drome.com\/?page_id=444"},"modified":"2026-04-01T14:02:58","modified_gmt":"2026-04-01T12:02:58","slug":"decouvrir-les-villes-canadiennes","status":"publish","type":"page","link":"https:\/\/bcom.allysson.formation-drome.com\/index.php\/decouvrir-les-villes-canadiennes\/","title":{"rendered":"D\u00e9couvrir les villes Canadiennes"},"content":{"rendered":"<div  class='flex_column av-bdk64-20d1ead86f8ae4f90b020996ddb7e9c6 av_one_full  avia-builder-el-0  el_before_av_one_fifth  avia-builder-el-first  first flex_column_div  '     ><section  class='av_textblock_section av-mnfyyh9b-d9e9ba9cdb0732201107befadddc7721 '   itemscope=\"itemscope\" itemtype=\"https:\/\/schema.org\/CreativeWork\" ><div class='avia_textblock'  itemprop=\"text\" ><p>D\u00e9couvrez les diff\u00e9rentes countries Canadienne avec leurs richesses gastronomiques, culturels et leurs paysages \u00e0 couper le souffle<\/p>\n<\/div><\/section><\/div>\n<div  class='flex_column av-33i8os-166c10b1defa77ae889877cc069d1a28 av_one_fifth  avia-builder-el-2  el_after_av_one_full  el_before_av_one_fifth  first flex_column_div  column-top-margin'     ><section  class='av_textblock_section av-mnfz4hk7-6155bb31f679bcf8d0d6220626a5ead8 '   itemscope=\"itemscope\" itemtype=\"https:\/\/schema.org\/CreativeWork\" ><div class='avia_textblock'  itemprop=\"text\" ><h3 style=\"text-align: center;\">Qu\u00e9bec<\/h3>\n<\/div><\/section><br \/>\n\n<style type=\"text\/css\" data-created_by=\"avia_inline_auto\" id=\"style-css-av-mnfz3lbk-2fa11bf59d93d648bd00be061d3ec9d4\">\n.avia-image-container.av-mnfz3lbk-2fa11bf59d93d648bd00be061d3ec9d4 img.avia_image{\nbox-shadow:none;\n}\n.avia-image-container.av-mnfz3lbk-2fa11bf59d93d648bd00be061d3ec9d4 .av-image-caption-overlay-center{\ncolor:#ffffff;\n}\n<\/style>\n<div  class='avia-image-container av-mnfz3lbk-2fa11bf59d93d648bd00be061d3ec9d4 av-styling- avia-align-center  avia-builder-el-4  el_after_av_textblock  avia-builder-el-last '   itemprop=\"image\" itemscope=\"itemscope\" itemtype=\"https:\/\/schema.org\/ImageObject\" ><div class=\"avia-image-container-inner\"><div class=\"avia-image-overlay-wrap\"><img decoding=\"async\" class='wp-image-445 avia-img-lazy-loading-not-445 avia_image ' src=\"https:\/\/bcom.allysson.formation-drome.com\/wp-content\/uploads\/2026\/04\/quebec-1536x1023.jpg\" alt='' title='quebec'  height=\"1023\" width=\"1536\"  itemprop=\"thumbnailUrl\" srcset=\"https:\/\/bcom.allysson.formation-drome.com\/wp-content\/uploads\/2026\/04\/quebec-1536x1023.jpg 1536w, https:\/\/bcom.allysson.formation-drome.com\/wp-content\/uploads\/2026\/04\/quebec-300x200.jpg 300w, https:\/\/bcom.allysson.formation-drome.com\/wp-content\/uploads\/2026\/04\/quebec-1030x686.jpg 1030w, https:\/\/bcom.allysson.formation-drome.com\/wp-content\/uploads\/2026\/04\/quebec-768x512.jpg 768w, https:\/\/bcom.allysson.formation-drome.com\/wp-content\/uploads\/2026\/04\/quebec-1500x999.jpg 1500w, https:\/\/bcom.allysson.formation-drome.com\/wp-content\/uploads\/2026\/04\/quebec-705x470.jpg 705w, https:\/\/bcom.allysson.formation-drome.com\/wp-content\/uploads\/2026\/04\/quebec.jpg 1600w\" sizes=\"(max-width: 1536px) 100vw, 1536px\" \/><\/div><\/div><\/div><\/p><\/div>\n<div  class='flex_column av-2w5rus-0c86d2b193418f029a57b4012d47395a av_one_fifth  avia-builder-el-5  el_after_av_one_fifth  el_before_av_one_fifth  flex_column_div  column-top-margin'     ><section  class='av_textblock_section av-mnfz72b6-7ba7c0c30e7cf0d92458272785ef7f2b '   itemscope=\"itemscope\" itemtype=\"https:\/\/schema.org\/CreativeWork\" ><div class='avia_textblock'  itemprop=\"text\" ><h3 style=\"text-align: center;\">Ontario<\/h3>\n<\/div><\/section><br \/>\n\n<style type=\"text\/css\" data-created_by=\"avia_inline_auto\" id=\"style-css-av-mnfz6l5x-57a4e1852d9bcee1f18e44574b97de21\">\n.avia-image-container.av-mnfz6l5x-57a4e1852d9bcee1f18e44574b97de21 img.avia_image{\nbox-shadow:none;\n}\n.avia-image-container.av-mnfz6l5x-57a4e1852d9bcee1f18e44574b97de21 .av-image-caption-overlay-center{\ncolor:#ffffff;\n}\n<\/style>\n<div  class='avia-image-container av-mnfz6l5x-57a4e1852d9bcee1f18e44574b97de21 av-styling- avia-align-center  avia-builder-el-7  el_after_av_textblock  avia-builder-el-last '   itemprop=\"image\" itemscope=\"itemscope\" itemtype=\"https:\/\/schema.org\/ImageObject\" ><div class=\"avia-image-container-inner\"><div class=\"avia-image-overlay-wrap\"><img decoding=\"async\" class='wp-image-446 avia-img-lazy-loading-not-446 avia_image ' src=\"https:\/\/bcom.allysson.formation-drome.com\/wp-content\/uploads\/2026\/04\/ontario-1536x960.jpg\" alt='' title='Ontario'  height=\"960\" width=\"1536\"  itemprop=\"thumbnailUrl\" srcset=\"https:\/\/bcom.allysson.formation-drome.com\/wp-content\/uploads\/2026\/04\/ontario-1536x960.jpg 1536w, https:\/\/bcom.allysson.formation-drome.com\/wp-content\/uploads\/2026\/04\/ontario-300x188.jpg 300w, https:\/\/bcom.allysson.formation-drome.com\/wp-content\/uploads\/2026\/04\/ontario-1030x644.jpg 1030w, https:\/\/bcom.allysson.formation-drome.com\/wp-content\/uploads\/2026\/04\/ontario-768x480.jpg 768w, https:\/\/bcom.allysson.formation-drome.com\/wp-content\/uploads\/2026\/04\/ontario-2048x1280.jpg 2048w, https:\/\/bcom.allysson.formation-drome.com\/wp-content\/uploads\/2026\/04\/ontario-1500x938.jpg 1500w, https:\/\/bcom.allysson.formation-drome.com\/wp-content\/uploads\/2026\/04\/ontario-705x441.jpg 705w\" sizes=\"(max-width: 1536px) 100vw, 1536px\" \/><\/div><\/div><\/div><\/p><\/div>\n<div  class='flex_column av-2rnrak-21407fe8f3b0bc7d158b5fd1bbaf7864 av_one_fifth  avia-builder-el-8  el_after_av_one_fifth  el_before_av_one_fifth  flex_column_div  column-top-margin'     ><section  class='av_textblock_section av-mnfz9ari-d1cd711205500245199c1eeab6fb74c3 '   itemscope=\"itemscope\" itemtype=\"https:\/\/schema.org\/CreativeWork\" ><div class='avia_textblock'  itemprop=\"text\" ><h3 style=\"text-align: center;\">Manitoba<\/h3>\n<\/div><\/section><br \/>\n\n<style type=\"text\/css\" data-created_by=\"avia_inline_auto\" id=\"style-css-av-2lvx1g-36b1fbcb96c9f793e4d12b14c14d8ca6\">\n.avia-image-container.av-2lvx1g-36b1fbcb96c9f793e4d12b14c14d8ca6 img.avia_image{\nbox-shadow:none;\n}\n.avia-image-container.av-2lvx1g-36b1fbcb96c9f793e4d12b14c14d8ca6 .av-image-caption-overlay-center{\ncolor:#ffffff;\n}\n<\/style>\n<div  class='avia-image-container av-2lvx1g-36b1fbcb96c9f793e4d12b14c14d8ca6 av-styling- avia-align-center  avia-builder-el-10  el_after_av_textblock  avia-builder-el-last '   itemprop=\"image\" itemscope=\"itemscope\" itemtype=\"https:\/\/schema.org\/ImageObject\" ><div class=\"avia-image-container-inner\"><div class=\"avia-image-overlay-wrap\"><img decoding=\"async\" class='wp-image-449 avia-img-lazy-loading-not-449 avia_image ' src=\"https:\/\/bcom.allysson.formation-drome.com\/wp-content\/uploads\/2026\/04\/Manitoba.jpg\" alt='' title='Manitoba'  height=\"777\" width=\"1165\"  itemprop=\"thumbnailUrl\" srcset=\"https:\/\/bcom.allysson.formation-drome.com\/wp-content\/uploads\/2026\/04\/Manitoba.jpg 1165w, https:\/\/bcom.allysson.formation-drome.com\/wp-content\/uploads\/2026\/04\/Manitoba-300x200.jpg 300w, https:\/\/bcom.allysson.formation-drome.com\/wp-content\/uploads\/2026\/04\/Manitoba-1030x687.jpg 1030w, https:\/\/bcom.allysson.formation-drome.com\/wp-content\/uploads\/2026\/04\/Manitoba-768x512.jpg 768w, https:\/\/bcom.allysson.formation-drome.com\/wp-content\/uploads\/2026\/04\/Manitoba-705x470.jpg 705w\" sizes=\"(max-width: 1165px) 100vw, 1165px\" \/><\/div><\/div><\/div><\/p><\/div>\n<div  class='flex_column av-2h5ex8-c2ce198f8029a4fc1b81beffec55ba95 av_one_fifth  avia-builder-el-11  el_after_av_one_fifth  el_before_av_one_fifth  flex_column_div  column-top-margin'     ><section  class='av_textblock_section av-mnfzdyn0-cbe7d1409a53ec464ba8330b4eda5e14 '   itemscope=\"itemscope\" itemtype=\"https:\/\/schema.org\/CreativeWork\" ><div class='avia_textblock'  itemprop=\"text\" ><h3 style=\"text-align: center;\">Saskatchewan<\/h3>\n<\/div><\/section><br \/>\n\n<style type=\"text\/css\" data-created_by=\"avia_inline_auto\" id=\"style-css-av-2b9sv8-a23045284b555744173ce5a546585655\">\n.avia-image-container.av-2b9sv8-a23045284b555744173ce5a546585655 img.avia_image{\nbox-shadow:none;\n}\n.avia-image-container.av-2b9sv8-a23045284b555744173ce5a546585655 .av-image-caption-overlay-center{\ncolor:#ffffff;\n}\n<\/style>\n<div  class='avia-image-container av-2b9sv8-a23045284b555744173ce5a546585655 av-styling- avia-align-center  avia-builder-el-13  el_after_av_textblock  avia-builder-el-last '   itemprop=\"image\" itemscope=\"itemscope\" itemtype=\"https:\/\/schema.org\/ImageObject\" ><div class=\"avia-image-container-inner\"><div class=\"avia-image-overlay-wrap\"><img decoding=\"async\" class='wp-image-451 avia-img-lazy-loading-not-451 avia_image ' src=\"https:\/\/bcom.allysson.formation-drome.com\/wp-content\/uploads\/2026\/04\/sasketchaw-1030x434.jpg\" alt='' title='sasketchaw'  height=\"434\" width=\"1030\"  itemprop=\"thumbnailUrl\" srcset=\"https:\/\/bcom.allysson.formation-drome.com\/wp-content\/uploads\/2026\/04\/sasketchaw-1030x434.jpg 1030w, https:\/\/bcom.allysson.formation-drome.com\/wp-content\/uploads\/2026\/04\/sasketchaw-300x126.jpg 300w, https:\/\/bcom.allysson.formation-drome.com\/wp-content\/uploads\/2026\/04\/sasketchaw-768x323.jpg 768w, https:\/\/bcom.allysson.formation-drome.com\/wp-content\/uploads\/2026\/04\/sasketchaw-1536x647.jpg 1536w, https:\/\/bcom.allysson.formation-drome.com\/wp-content\/uploads\/2026\/04\/sasketchaw-1500x632.jpg 1500w, https:\/\/bcom.allysson.formation-drome.com\/wp-content\/uploads\/2026\/04\/sasketchaw-705x297.jpg 705w, https:\/\/bcom.allysson.formation-drome.com\/wp-content\/uploads\/2026\/04\/sasketchaw.jpg 1900w\" sizes=\"(max-width: 1030px) 100vw, 1030px\" \/><\/div><\/div><\/div><\/p><\/div>\n<div  class='flex_column av-212u7w-1c203e7ee53c1e0b7ec494e88eac6d82 av_one_fifth  avia-builder-el-14  el_after_av_one_fifth  el_before_av_one_fifth  flex_column_div  column-top-margin'     ><section  class='av_textblock_section av-mnfzlimd-54c445eb1627cbe1b2d862b92175cd62 '   itemscope=\"itemscope\" itemtype=\"https:\/\/schema.org\/CreativeWork\" ><div class='avia_textblock'  itemprop=\"text\" ><h3 style=\"text-align: center;\">Alberta<\/h3>\n<\/div><\/section><br \/>\n\n<style type=\"text\/css\" data-created_by=\"avia_inline_auto\" id=\"style-css-av-1xfilg-0095adf8ff1fdfbcf2dd8b066a4dbe66\">\n.avia-image-container.av-1xfilg-0095adf8ff1fdfbcf2dd8b066a4dbe66 img.avia_image{\nbox-shadow:none;\n}\n.avia-image-container.av-1xfilg-0095adf8ff1fdfbcf2dd8b066a4dbe66 .av-image-caption-overlay-center{\ncolor:#ffffff;\n}\n<\/style>\n<div  class='avia-image-container av-1xfilg-0095adf8ff1fdfbcf2dd8b066a4dbe66 av-styling- avia-align-center  avia-builder-el-16  el_after_av_textblock  avia-builder-el-last '   itemprop=\"image\" itemscope=\"itemscope\" itemtype=\"https:\/\/schema.org\/ImageObject\" ><div class=\"avia-image-container-inner\"><div class=\"avia-image-overlay-wrap\"><img decoding=\"async\" class='wp-image-455 avia-img-lazy-loading-not-455 avia_image ' src=\"https:\/\/bcom.allysson.formation-drome.com\/wp-content\/uploads\/2026\/04\/Alberta.webp\" alt='' title='Alberta'  height=\"433\" width=\"640\"  itemprop=\"thumbnailUrl\" srcset=\"https:\/\/bcom.allysson.formation-drome.com\/wp-content\/uploads\/2026\/04\/Alberta.webp 640w, https:\/\/bcom.allysson.formation-drome.com\/wp-content\/uploads\/2026\/04\/Alberta-300x203.webp 300w\" sizes=\"(max-width: 640px) 100vw, 640px\" \/><\/div><\/div><\/div><\/p><\/div>\n<div  class='flex_column av-1phq0k-f7e85c140df93250372c7b895e62e264 av_one_fifth  avia-builder-el-17  el_after_av_one_fifth  el_before_av_one_fifth  first flex_column_div  column-top-margin'     ><section  class='av_textblock_section av-mnfzxei3-033f0fa0e7a2756097d1a15ea692ecb1 '   itemscope=\"itemscope\" itemtype=\"https:\/\/schema.org\/CreativeWork\" ><div class='avia_textblock'  itemprop=\"text\" ><h3 style=\"text-align: center;\">Colombie britannique<\/h3>\n<\/div><\/section><br \/>\n\n<style type=\"text\/css\" data-created_by=\"avia_inline_auto\" id=\"style-css-av-kiro-bf42add165e24481513905ec15b11286\">\n.avia-image-container.av-kiro-bf42add165e24481513905ec15b11286 img.avia_image{\nbox-shadow:none;\n}\n.avia-image-container.av-kiro-bf42add165e24481513905ec15b11286 .av-image-caption-overlay-center{\ncolor:#ffffff;\n}\n<\/style>\n<div  class='avia-image-container av-kiro-bf42add165e24481513905ec15b11286 av-styling- avia-align-center  avia-builder-el-19  el_after_av_textblock  avia-builder-el-last '   itemprop=\"image\" itemscope=\"itemscope\" itemtype=\"https:\/\/schema.org\/ImageObject\" ><div class=\"avia-image-container-inner\"><div class=\"avia-image-overlay-wrap\"><img decoding=\"async\" class='wp-image-458 avia-img-lazy-loading-not-458 avia_image ' src=\"https:\/\/bcom.allysson.formation-drome.com\/wp-content\/uploads\/2026\/04\/colombie-britannique.webp\" alt='' title='colombie britannique'  height=\"549\" width=\"768\"  itemprop=\"thumbnailUrl\" srcset=\"https:\/\/bcom.allysson.formation-drome.com\/wp-content\/uploads\/2026\/04\/colombie-britannique.webp 768w, https:\/\/bcom.allysson.formation-drome.com\/wp-content\/uploads\/2026\/04\/colombie-britannique-300x214.webp 300w, https:\/\/bcom.allysson.formation-drome.com\/wp-content\/uploads\/2026\/04\/colombie-britannique-260x185.webp 260w, https:\/\/bcom.allysson.formation-drome.com\/wp-content\/uploads\/2026\/04\/colombie-britannique-705x504.webp 705w\" sizes=\"(max-width: 768px) 100vw, 768px\" \/><\/div><\/div><\/div><\/p><\/div><div  class='flex_column av-1h4yus-c3fd64337f38f4f72802260a2c5476ed av_one_fifth  avia-builder-el-20  el_after_av_one_fifth  el_before_av_one_fifth  flex_column_div  column-top-margin'     ><style type=\"text\/css\" data-created_by=\"avia_inline_auto\" id=\"style-css-av-177h98-216a5fd109ee1f561cbc9dca0f54373d\">\n.avia-image-container.av-177h98-216a5fd109ee1f561cbc9dca0f54373d img.avia_image{\nbox-shadow:none;\n}\n.avia-image-container.av-177h98-216a5fd109ee1f561cbc9dca0f54373d .av-image-caption-overlay-center{\ncolor:#ffffff;\n}\n<\/style>\n<div  class='avia-image-container av-177h98-216a5fd109ee1f561cbc9dca0f54373d av-styling- avia-align-center  avia-builder-el-21  avia-builder-el-no-sibling '   itemprop=\"image\" itemscope=\"itemscope\" itemtype=\"https:\/\/schema.org\/ImageObject\" ><div class=\"avia-image-container-inner\"><div class=\"avia-image-overlay-wrap\"><img decoding=\"async\" class='wp-image- avia-img-lazy-loading-not- avia_image ' src=\"https:\/\/bcom.allysson.formation-drome.com\/wp-content\/themes\/enfold\/config-templatebuilder\/avia-template-builder\/images\/placeholder.jpg\" alt='' title=''   itemprop=\"thumbnailUrl\"  \/><\/div><\/div><\/div><\/div><\/p>\n<div  class='flex_column av-10clws-e2a3f9d1869bda9e0279786ef7d5c9cc av_one_fifth  avia-builder-el-22  el_after_av_one_fifth  el_before_av_one_fifth  flex_column_div  column-top-margin'     ><style type=\"text\/css\" data-created_by=\"avia_inline_auto\" id=\"style-css-av-yfulo-e59d04b59a1ae8c921cdeefb7e8c7ac8\">\n.avia-image-container.av-yfulo-e59d04b59a1ae8c921cdeefb7e8c7ac8 img.avia_image{\nbox-shadow:none;\n}\n.avia-image-container.av-yfulo-e59d04b59a1ae8c921cdeefb7e8c7ac8 .av-image-caption-overlay-center{\ncolor:#ffffff;\n}\n<\/style>\n<div  class='avia-image-container av-yfulo-e59d04b59a1ae8c921cdeefb7e8c7ac8 av-styling- avia-align-center  avia-builder-el-23  avia-builder-el-no-sibling '   itemprop=\"image\" itemscope=\"itemscope\" itemtype=\"https:\/\/schema.org\/ImageObject\" ><div class=\"avia-image-container-inner\"><div class=\"avia-image-overlay-wrap\"><img decoding=\"async\" class='wp-image- avia-img-lazy-loading-not- avia_image ' src=\"https:\/\/bcom.allysson.formation-drome.com\/wp-content\/themes\/enfold\/config-templatebuilder\/avia-template-builder\/images\/placeholder.jpg\" alt='' title=''   itemprop=\"thumbnailUrl\"  \/><\/div><\/div><\/div><\/div>\n<div  class='flex_column av-qb390-62d5afb5fa4a31925e7d3add4ed50612 av_one_fifth  avia-builder-el-24  el_after_av_one_fifth  el_before_av_one_fifth  flex_column_div  column-top-margin'     ><style type=\"text\/css\" data-created_by=\"avia_inline_auto\" id=\"style-css-av-k7syk-87e1d45b4a3ef03d8a12571c5566374a\">\n.avia-image-container.av-k7syk-87e1d45b4a3ef03d8a12571c5566374a img.avia_image{\nbox-shadow:none;\n}\n.avia-image-container.av-k7syk-87e1d45b4a3ef03d8a12571c5566374a .av-image-caption-overlay-center{\ncolor:#ffffff;\n}\n<\/style>\n<div  class='avia-image-container av-k7syk-87e1d45b4a3ef03d8a12571c5566374a av-styling- avia-align-center  avia-builder-el-25  avia-builder-el-no-sibling '   itemprop=\"image\" itemscope=\"itemscope\" itemtype=\"https:\/\/schema.org\/ImageObject\" ><div class=\"avia-image-container-inner\"><div class=\"avia-image-overlay-wrap\"><img decoding=\"async\" class='wp-image- avia-img-lazy-loading-not- avia_image ' src=\"https:\/\/bcom.allysson.formation-drome.com\/wp-content\/themes\/enfold\/config-templatebuilder\/avia-template-builder\/images\/placeholder.jpg\" alt='' title=''   itemprop=\"thumbnailUrl\"  \/><\/div><\/div><\/div><\/div>\n<div  class='flex_column av-ebizg-72559d6cc1f75693951e02b71a067b66 av_one_fifth  avia-builder-el-26  el_after_av_one_fifth  avia-builder-el-last  flex_column_div  column-top-margin'     ><style type=\"text\/css\" data-created_by=\"avia_inline_auto\" id=\"style-css-av-7m2us-30bda07987413a5af1a7ef0b4fb2ab2b\">\n.avia-image-container.av-7m2us-30bda07987413a5af1a7ef0b4fb2ab2b img.avia_image{\nbox-shadow:none;\n}\n.avia-image-container.av-7m2us-30bda07987413a5af1a7ef0b4fb2ab2b .av-image-caption-overlay-center{\ncolor:#ffffff;\n}\n<\/style>\n<div  class='avia-image-container av-7m2us-30bda07987413a5af1a7ef0b4fb2ab2b av-styling- avia-align-center  avia-builder-el-27  avia-builder-el-no-sibling '   itemprop=\"image\" itemscope=\"itemscope\" itemtype=\"https:\/\/schema.org\/ImageObject\" ><div class=\"avia-image-container-inner\"><div class=\"avia-image-overlay-wrap\"><img decoding=\"async\" class='wp-image- avia-img-lazy-loading-not- avia_image ' src=\"https:\/\/bcom.allysson.formation-drome.com\/wp-content\/themes\/enfold\/config-templatebuilder\/avia-template-builder\/images\/placeholder.jpg\" alt='' title=''   itemprop=\"thumbnailUrl\"  \/><\/div><\/div><\/div><\/div>\n","protected":false},"excerpt":{"rendered":"","protected":false},"author":1,"featured_media":0,"parent":0,"menu_order":0,"comment_status":"closed","ping_status":"closed","template":"","meta":{"footnotes":""},"class_list":["post-444","page","type-page","status-publish","hentry"],"yoast_head":"<!-- This site is optimized with the Yoast SEO plugin v27.2 - https:\/\/yoast.com\/product\/yoast-seo-wordpress\/ -->\n<title>D\u00e9couvrir les villes Canadiennes - Agence touristique Aurora<\/title>\n<meta name=\"robots\" content=\"noindex, follow, max-snippet:-1, max-image-preview:large, max-video-preview:-1\" \/>\n<meta property=\"og:locale\" content=\"fr_FR\" \/>\n<meta property=\"og:type\" content=\"article\" \/>\n<meta property=\"og:title\" content=\"D\u00e9couvrir les villes Canadiennes - Agence touristique Aurora\" \/>\n<meta property=\"og:url\" content=\"https:\/\/bcom.allysson.formation-drome.com\/index.php\/decouvrir-les-villes-canadiennes\/\" \/>\n<meta property=\"og:site_name\" content=\"Agence touristique Aurora\" \/>\n<meta property=\"article:modified_time\" content=\"2026-04-01T12:02:58+00:00\" \/>\n<meta name=\"twitter:card\" content=\"summary_large_image\" \/>\n<script type=\"application\/ld+json\" class=\"yoast-schema-graph\">{\"@context\":\"https:\/\/schema.org\",\"@graph\":[{\"@type\":\"WebPage\",\"@id\":\"https:\/\/bcom.allysson.formation-drome.com\/index.php\/decouvrir-les-villes-canadiennes\/\",\"url\":\"https:\/\/bcom.allysson.formation-drome.com\/index.php\/decouvrir-les-villes-canadiennes\/\",\"name\":\"D\u00e9couvrir les villes Canadiennes - Agence touristique Aurora\",\"isPartOf\":{\"@id\":\"https:\/\/bcom.allysson.formation-drome.com\/#website\"},\"datePublished\":\"2026-04-01T11:42:02+00:00\",\"dateModified\":\"2026-04-01T12:02:58+00:00\",\"breadcrumb\":{\"@id\":\"https:\/\/bcom.allysson.formation-drome.com\/index.php\/decouvrir-les-villes-canadiennes\/#breadcrumb\"},\"inLanguage\":\"fr-FR\",\"potentialAction\":[{\"@type\":\"ReadAction\",\"target\":[\"https:\/\/bcom.allysson.formation-drome.com\/index.php\/decouvrir-les-villes-canadiennes\/\"]}]},{\"@type\":\"BreadcrumbList\",\"@id\":\"https:\/\/bcom.allysson.formation-drome.com\/index.php\/decouvrir-les-villes-canadiennes\/#breadcrumb\",\"itemListElement\":[{\"@type\":\"ListItem\",\"position\":1,\"name\":\"Accueil\",\"item\":\"https:\/\/bcom.allysson.formation-drome.com\/\"},{\"@type\":\"ListItem\",\"position\":2,\"name\":\"D\u00e9couvrir les villes Canadiennes\"}]},{\"@type\":\"WebSite\",\"@id\":\"https:\/\/bcom.allysson.formation-drome.com\/#website\",\"url\":\"https:\/\/bcom.allysson.formation-drome.com\/\",\"name\":\"Agence touristique Aurora\",\"description\":\"Le Canada en toutes saisons\",\"potentialAction\":[{\"@type\":\"SearchAction\",\"target\":{\"@type\":\"EntryPoint\",\"urlTemplate\":\"https:\/\/bcom.allysson.formation-drome.com\/?s={search_term_string}\"},\"query-input\":{\"@type\":\"PropertyValueSpecification\",\"valueRequired\":true,\"valueName\":\"search_term_string\"}}],\"inLanguage\":\"fr-FR\"}]}<\/script>\n<!-- \/ Yoast SEO plugin. -->","yoast_head_json":{"title":"D\u00e9couvrir les villes Canadiennes - Agence touristique Aurora","robots":{"index":"noindex","follow":"follow","max-snippet":"max-snippet:-1","max-image-preview":"max-image-preview:large","max-video-preview":"max-video-preview:-1"},"og_locale":"fr_FR","og_type":"article","og_title":"D\u00e9couvrir les villes Canadiennes - Agence touristique Aurora","og_url":"https:\/\/bcom.allysson.formation-drome.com\/index.php\/decouvrir-les-villes-canadiennes\/","og_site_name":"Agence touristique Aurora","article_modified_time":"2026-04-01T12:02:58+00:00","twitter_card":"summary_large_image","schema":{"@context":"https:\/\/schema.org","@graph":[{"@type":"WebPage","@id":"https:\/\/bcom.allysson.formation-drome.com\/index.php\/decouvrir-les-villes-canadiennes\/","url":"https:\/\/bcom.allysson.formation-drome.com\/index.php\/decouvrir-les-villes-canadiennes\/","name":"D\u00e9couvrir les villes Canadiennes - Agence touristique Aurora","isPartOf":{"@id":"https:\/\/bcom.allysson.formation-drome.com\/#website"},"datePublished":"2026-04-01T11:42:02+00:00","dateModified":"2026-04-01T12:02:58+00:00","breadcrumb":{"@id":"https:\/\/bcom.allysson.formation-drome.com\/index.php\/decouvrir-les-villes-canadiennes\/#breadcrumb"},"inLanguage":"fr-FR","potentialAction":[{"@type":"ReadAction","target":["https:\/\/bcom.allysson.formation-drome.com\/index.php\/decouvrir-les-villes-canadiennes\/"]}]},{"@type":"BreadcrumbList","@id":"https:\/\/bcom.allysson.formation-drome.com\/index.php\/decouvrir-les-villes-canadiennes\/#breadcrumb","itemListElement":[{"@type":"ListItem","position":1,"name":"Accueil","item":"https:\/\/bcom.allysson.formation-drome.com\/"},{"@type":"ListItem","position":2,"name":"D\u00e9couvrir les villes Canadiennes"}]},{"@type":"WebSite","@id":"https:\/\/bcom.allysson.formation-drome.com\/#website","url":"https:\/\/bcom.allysson.formation-drome.com\/","name":"Agence touristique Aurora","description":"Le Canada en toutes saisons","potentialAction":[{"@type":"SearchAction","target":{"@type":"EntryPoint","urlTemplate":"https:\/\/bcom.allysson.formation-drome.com\/?s={search_term_string}"},"query-input":{"@type":"PropertyValueSpecification","valueRequired":true,"valueName":"search_term_string"}}],"inLanguage":"fr-FR"}]}},"_links":{"self":[{"href":"https:\/\/bcom.allysson.formation-drome.com\/index.php\/wp-json\/wp\/v2\/pages\/444","targetHints":{"allow":["GET"]}}],"collection":[{"href":"https:\/\/bcom.allysson.formation-drome.com\/index.php\/wp-json\/wp\/v2\/pages"}],"about":[{"href":"https:\/\/bcom.allysson.formation-drome.com\/index.php\/wp-json\/wp\/v2\/types\/page"}],"author":[{"embeddable":true,"href":"https:\/\/bcom.allysson.formation-drome.com\/index.php\/wp-json\/wp\/v2\/users\/1"}],"replies":[{"embeddable":true,"href":"https:\/\/bcom.allysson.formation-drome.com\/index.php\/wp-json\/wp\/v2\/comments?post=444"}],"version-history":[{"count":9,"href":"https:\/\/bcom.allysson.formation-drome.com\/index.php\/wp-json\/wp\/v2\/pages\/444\/revisions"}],"predecessor-version":[{"id":459,"href":"https:\/\/bcom.allysson.formation-drome.com\/index.php\/wp-json\/wp\/v2\/pages\/444\/revisions\/459"}],"wp:attachment":[{"href":"https:\/\/bcom.allysson.formation-drome.com\/index.php\/wp-json\/wp\/v2\/media?parent=444"}],"curies":[{"name":"wp","href":"https:\/\/api.w.org\/{rel}","templated":true}]}}